{"id":435,"date":"2019-09-05T19:16:27","date_gmt":"2019-09-05T22:16:27","guid":{"rendered":"http:\/\/reidasplanilhas.com\/blog\/?page_id=435"},"modified":"2020-03-15T13:57:05","modified_gmt":"2020-03-15T16:57:05","slug":"entre-em-contato","status":"publish","type":"page","link":"https:\/\/reidasplanilhas.com\/blog\/entre-em-contato\/","title":{"rendered":"Entre em contato"},"content":{"rendered":"\n<p>Diariamente, recebemos v\u00e1rias mensagens de nossos visitantes. Por isso, pedimos que voc\u00ea considere os  seguintes pontos antes de encaminhar o seu recado:<\/p>\n\n\n\n<div class=\"wp-block-group has-very-light-gray-background-color has-background\"><div class=\"wp-block-group__inner-container is-layout-flow wp-block-group-is-layout-flow\">\n<ul class=\"is-style-default wp-block-list\"><li>Normalmente, nosso prazo de resposta \u00e9 de at\u00e9 5 dias \u00fateis;<\/li><li>Algumas d\u00favidas gerais sobre as licen\u00e7as de uso das planilhas podem ser solucionadas ap\u00f3s r\u00e1pida visita a esses <a href=\"https:\/\/reidasplanilhas.com\/blog\/termos-de-uso-do-nosso-conteudo\/\">termos de uso de nosso conte\u00fado<\/a> e a essa rela\u00e7\u00e3o de <a href=\"https:\/\/reidasplanilhas.com\/blog\/entre-em-contato\/perguntas-mais-frequentes-faq\/\" target=\"_blank\" rel=\"noreferrer noopener\" aria-label=\"perguntas mais frequentes (FAQ) (abre numa nova aba)\">perguntas mais frequentes (FAQ)<\/a>;<\/li><li>\u00c9 poss\u00edvel antecipar nossas respostas a d\u00favidas relacionadas ao preenchimento das planilhas com uma breve leitura da postagem de lan\u00e7amento correspondente,\u00a0<a href=\"\/blog\/secoes\/baixe-uma-planilha\/\">pesquisando a planilha aqui<\/a>;<\/li><li>Atualmente n\u00e3o estamos assumindo novos desenvolvimentos sob encomenda;<\/li><li>Lembre-se de indicar na mensagem para qual planilha deseja suporte;<\/li><li>Seja cordial em suas coloca\u00e7\u00f5es e razo\u00e1vel em suas expectativas.<\/li><\/ul>\n<\/div><\/div>\n\n\n\n<div style=\"height:20px\" aria-hidden=\"true\" class=\"wp-block-spacer\"><\/div>\n\n\n\n<div class=\"wp-block-group has-background\" style=\"background-color:#bddff5\"><div class=\"wp-block-group__inner-container is-layout-flow wp-block-group-is-layout-flow\">\n<h2 class=\"wp-block-heading\">Envie seu recado<\/h2>\n\n\n\n<p>Para agilizarmos o tratamento de sua quest\u00e3o, escolha no formul\u00e1rio abaixo o assunto mais pr\u00f3ximo da sua necessidade.<\/p>\n\n\n\n<div class=\"wp-block-group has-background\" style=\"background-color:#ffffff\"><div class=\"wp-block-group__inner-container is-layout-flow wp-block-group-is-layout-flow\">\n<div class=\"wpcf7 no-js\" id=\"wpcf7-f331-o1\" lang=\"pt-BR\" dir=\"ltr\" data-wpcf7-id=\"331\">\n<div class=\"screen-reader-response\"><p role=\"status\" aria-live=\"polite\" aria-atomic=\"true\"><\/p> <ul><\/ul><\/div>\n<form action=\"\/blog\/wp-json\/wp\/v2\/pages\/435#wpcf7-f331-o1\" method=\"post\" class=\"wpcf7-form init\" aria-label=\"Formul\u00e1rios de contato\" novalidate=\"novalidate\" data-status=\"init\">\n<fieldset class=\"hidden-fields-container\"><input type=\"hidden\" name=\"_wpcf7\" value=\"331\" \/><input type=\"hidden\" name=\"_wpcf7_version\" value=\"6.1.5\" \/><input type=\"hidden\" name=\"_wpcf7_locale\" value=\"pt_BR\" \/><input type=\"hidden\" name=\"_wpcf7_unit_tag\" value=\"wpcf7-f331-o1\" \/><input type=\"hidden\" name=\"_wpcf7_container_post\" value=\"0\" \/><input type=\"hidden\" name=\"_wpcf7_posted_data_hash\" value=\"\" \/><input type=\"hidden\" name=\"_wpcf7_recaptcha_response\" value=\"\" \/>\n<\/fieldset>\n<p><label> Como voc\u00ea se chama <em>*<\/em><br \/>\n<span class=\"wpcf7-form-control-wrap\" data-name=\"your-name\"><input size=\"40\" maxlength=\"400\" class=\"wpcf7-form-control wpcf7-text wpcf7-validates-as-required\" aria-required=\"true\" aria-invalid=\"false\" value=\"\" type=\"text\" name=\"your-name\" \/><\/span> <\/label>\n<\/p>\n<p><label> Para qual e-mail responderemos <em>*<\/em><br \/>\n<span class=\"wpcf7-form-control-wrap\" data-name=\"your-email\"><input size=\"40\" maxlength=\"400\" class=\"wpcf7-form-control wpcf7-email wpcf7-validates-as-required wpcf7-text wpcf7-validates-as-email\" aria-required=\"true\" aria-invalid=\"false\" value=\"\" type=\"email\" name=\"your-email\" \/><\/span> <\/label>\n<\/p>\n<p><label> Escolha um assunto <em>*<\/em><br \/>\n<span class=\"wpcf7-form-control-wrap\" data-name=\"menu-319\"><select class=\"wpcf7-form-control wpcf7-select wpcf7-validates-as-required\" aria-required=\"true\" aria-invalid=\"false\" name=\"menu-319\"><option value=\"\">&#8212;Escolha uma op\u00e7\u00e3o&#8212;<\/option><option value=\"Desejo tirar uma d\u00favida de preenchimento\">Desejo tirar uma d\u00favida de preenchimento<\/option><option value=\"Sugerir tema de tutorial ou curso online\">Sugerir tema de tutorial ou curso online<\/option><option value=\"Reportar erro em uma das planilhas que baixei neste blog\">Reportar erro em uma das planilhas que baixei neste blog<\/option><option value=\"Solicitar um or\u00e7amento para desenvolvimento de planilha para uso particular\">Solicitar um or\u00e7amento para desenvolvimento de planilha para uso particular<\/option><option value=\"Outros assuntos\">Outros assuntos<\/option><\/select><\/span> <\/label>\n<\/p>\n<p><label> Digite a sua mensagem <em>*<\/em><br \/>\n<span class=\"wpcf7-form-control-wrap\" data-name=\"your-message\"><textarea cols=\"40\" rows=\"10\" maxlength=\"2000\" class=\"wpcf7-form-control wpcf7-textarea wpcf7-validates-as-required\" aria-required=\"true\" aria-invalid=\"false\" name=\"your-message\"><\/textarea><\/span> <\/label>\n<\/p>\n<p><input class=\"wpcf7-form-control wpcf7-submit has-spinner\" type=\"submit\" value=\"Enviar\" \/>\n<\/p><div class=\"wpcf7-response-output\" aria-hidden=\"true\"><\/div>\n<\/form>\n<\/div>\n\n<\/div><\/div>\n<\/div><\/div>\n\n\n\n<p><\/p>\n<div style=\"height:20px\" aria-hidden=\"true\" class=\"wp-block-spacer\"><\/div><div class=\"wp-block-coblocks-accordion\" id=\"rdp_doacoes_hash\"><div class=\"wp-block-coblocks-accordion-item\" style=\"color:#ffffff\"><details open><summary class=\"wp-block-coblocks-accordion-item__title has-background has-luminous-vivid-orange-background-color has-text-color\" style=\"color:#ffffff\"><strong>RETRIBUA COMO PUDER<\/strong><\/summary><div class=\"wp-block-coblocks-accordion-item__content\" style=\"border-color:#ff6900;color:#333333;\"><h4>Voc\u00ea tem Instagram?<\/h4><p><a href=\"https:\/\/www.instagram.com\/accounts\/login\/?next=%2Freidasplanilhas%2F&#038;source=follow\" target=\"_blank\" onclick=\"gtag('event', 'Divulgar Instagram', {'event_category': 'Licen\u00e7a de uso gratuita',  'event_label': 'Entre em contato','value': '1'});\"><b>Clique aqui<\/b> para me seguir<\/a> no <b>@reidasplanilhas<\/b>! \ud83d\ude00<\/p><div style=\"height:20px\" aria-hidden=\"true\" class=\"wp-block-spacer\"><a id=\"rdp_compartilhe_hash\"><\/a><\/div><h4>Compartilhe com seus contatos<\/h4><p>Clique em uma das redes sociais abaixo para divulgar esta planilha com amigos e familiares:<\/p><div style=\"height:20px\" aria-hidden=\"true\" class=\"wp-block-spacer\"><\/div><div class=\"post-share rdp-plugin\" style=\"position:relative;display:inline;top:0;\"><div class=\"list-posts-share penci-social-textcolored\"><a  onclick=\"gtag('event', 'Compartilhar nas redes', {'event_category': 'facebook',  'event_label': 'Entre em contato ()','value': '1'});\" target=\"_blank\" rel=\"nofollow\" href=\"https:\/\/www.facebook.com\/sharer\/sharer.php?u=https:\/\/reidasplanilhas.com\/blog\/entre-em-contato\/\"><i class=\"fa fa-facebook\"><\/i><span class=\"dt-share\">Facebook<\/span><\/a><a  onclick=\"gtag('event', 'Compartilhar nas redes', {'event_category': 'twitter',  'event_label': 'Entre em contato ()','value': '1'});\" target=\"_blank\" rel=\"nofollow\" href=\"https:\/\/twitter.com\/intent\/tweet?text=Essa%20%C3%A9%20do%20Rei%20das%20Planilhas%C2%AE:%20Entre%20em%20contato%20%28%29%20-%20https:\/\/reidasplanilhas.com\/blog\/entre-em-contato\/\"><i class=\"fa fa-twitter\"><\/i><span class=\"dt-share\">Twitter<\/span><\/a><a data-pin-do=\"none\" rel=\"nofollow noreferrer noopener\" onclick=\"var e=document.createElement('script');e.setAttribute('type','text\/javascript');e.setAttribute('charset','UTF-8');e.setAttribute('src','\/\/assets.pinterest.com\/js\/pinmarklet.js?r='+Math.random()*99999999);document.body.appendChild(e);\"><i class=\"fa fa-pinterest\"><\/i><span class=\"dt-share\">Pinterest<\/span><\/a><a  onclick=\"gtag('event', 'Compartilhar nas redes', {'event_category': 'linkedin',  'event_label': 'Entre em contato ()','value': '1'});\" target=\"_blank\" rel=\"nofollow\" href=\"https:\/\/www.linkedin.com\/shareArticle?mini=true&#038;url=https%3A%2F%2Freidasplanilhas.com%2Fblog%2Fentre-em-contato%2F&#038;title=Entre%20em%20contato%20%28%29\"><i class=\"fa fa-linkedin\"><\/i><span class=\"dt-share\">Linkedin<\/span><\/a><a  onclick=\"gtag('event', 'Compartilhar nas redes', {'event_category': 'whatsapp',  'event_label': 'Entre em contato ()','value': '1'});\" target=\"_blank\" href=\"https:\/\/api.whatsapp.com\/send?text=Quando%20tiveres%20um%20tempinho%2C%20d%C3%A1%20uma%20olhada%20nessa%20p%C3%A1gina%20aqui%21%20%3D%29%0A_*Entre%20em%20contato%20%28%29%20-%20Rei%20das%20Planilhas%C2%AE*_%0Ahttps%3A%2F%2Freidasplanilhas.com%2Fblog%2Fentre-em-contato%2F\"><i class=\"fa fa-whatsapp\"><\/i><span class=\"dt-share\">Whatsapp<\/span><\/a><a  onclick=\"gtag('event', 'Compartilhar nas redes', {'event_category': 'email',  'event_label': 'Entre em contato ()','value': '1'});\" target=\"_blank\" rel=\"nofollow\" href=\"mailto:?subject=Entre%20em%20contato%20()&#038;BODY=https:\/\/reidasplanilhas.com\/blog\/entre-em-contato\/\"><i class=\"fa fa-envelope\"><\/i><span class=\"dt-share\">Email<\/span><\/a><\/div><div style=\"height:20px\" aria-hidden=\"true\" class=\"wp-block-spacer\"><\/div><p><strong>Muito obrigado! \ud83d\ude00<\/strong><\/p><\/div><\/div><\/details><\/div><div style=\"height:40px\" aria-hidden=\"true\" class=\"wp-block-spacer\"><\/div><h2>Lista de marcadores<\/h2><p>Encontre conte\u00fados semelhantes clicando em um dos marcadores abaixo.<\/p>","protected":false},"excerpt":{"rendered":"<p>Diariamente, recebemos v\u00e1rias mensagens de nossos visitantes. Por isso, pedimos que voc\u00ea considere os seguintes pontos antes de encaminhar o seu recado: Normalmente, nosso prazo de resposta \u00e9 de at\u00e9&hellip;<\/p>\n","protected":false},"author":2,"featured_media":0,"parent":0,"menu_order":0,"comment_status":"closed","ping_status":"closed","template":"","meta":{"_coblocks_attr":"","_coblocks_dimensions":"","_coblocks_responsive_height":"","_coblocks_accordion_ie_support":"","om_disable_all_campaigns":false,"_monsterinsights_skip_tracking":false,"_monsterinsights_sitenote_active":false,"_monsterinsights_sitenote_note":"","_monsterinsights_sitenote_category":0,"footnotes":""},"class_list":["post-435","page","type-page","status-publish","hentry"],"yoast_head":"<!-- This site is optimized with the Yoast SEO plugin v27.5 - https:\/\/yoast.com\/product\/yoast-seo-wordpress\/ -->\n<title>Entre em contato &#171; Rei das Planilhas\u00ae<\/title>\n<meta name=\"description\" content=\"Quer tirar uma d\u00favida de preenchimento, sugerir um tema para nova planilha ou solicitar um or\u00e7amento? Encaminhe sua mensagem para nossa equipe!\" \/>\n<meta name=\"robots\" content=\"index, follow, max-snippet:-1, max-image-preview:large, max-video-preview:-1\" \/>\n<link rel=\"canonical\" href=\"https:\/\/reidasplanilhas.com\/blog\/entre-em-contato\/\" \/>\n<meta property=\"og:locale\" content=\"pt_BR\" \/>\n<meta property=\"og:type\" content=\"article\" \/>\n<meta property=\"og:title\" content=\"Entre em contato &#171; Rei das Planilhas\u00ae\" \/>\n<meta property=\"og:description\" content=\"Quer tirar uma d\u00favida de preenchimento, sugerir um tema para nova planilha ou solicitar um or\u00e7amento? Encaminhe sua mensagem para nossa equipe!\" \/>\n<meta property=\"og:url\" content=\"https:\/\/reidasplanilhas.com\/blog\/entre-em-contato\/\" \/>\n<meta property=\"og:site_name\" content=\"Rei das Planilhas\u00ae\" \/>\n<meta property=\"article:modified_time\" content=\"2020-03-15T16:57:05+00:00\" \/>\n<meta property=\"og:image\" content=\"https:\/\/reidasplanilhas.com\/blog\/wp-content\/uploads\/2022\/11\/instagram.jpg\" \/>\n\t<meta property=\"og:image:width\" content=\"1600\" \/>\n\t<meta property=\"og:image:height\" content=\"1600\" \/>\n\t<meta property=\"og:image:type\" content=\"image\/jpeg\" \/>\n<meta name=\"twitter:card\" content=\"summary_large_image\" \/>\n<meta name=\"twitter:label1\" content=\"Est. tempo de leitura\" \/>\n\t<meta name=\"twitter:data1\" content=\"1 minuto\" \/>\n<script type=\"application\/ld+json\" class=\"yoast-schema-graph\">{\"@context\":\"https:\\\/\\\/schema.org\",\"@graph\":[{\"@type\":\"WebPage\",\"@id\":\"https:\\\/\\\/reidasplanilhas.com\\\/blog\\\/entre-em-contato\\\/\",\"url\":\"https:\\\/\\\/reidasplanilhas.com\\\/blog\\\/entre-em-contato\\\/\",\"name\":\"Entre em contato &#171; Rei das Planilhas\u00ae\",\"isPartOf\":{\"@id\":\"https:\\\/\\\/reidasplanilhas.com\\\/blog\\\/#website\"},\"datePublished\":\"2019-09-05T22:16:27+00:00\",\"dateModified\":\"2020-03-15T16:57:05+00:00\",\"description\":\"Quer tirar uma d\u00favida de preenchimento, sugerir um tema para nova planilha ou solicitar um or\u00e7amento? Encaminhe sua mensagem para nossa equipe!\",\"breadcrumb\":{\"@id\":\"https:\\\/\\\/reidasplanilhas.com\\\/blog\\\/entre-em-contato\\\/#breadcrumb\"},\"inLanguage\":\"pt-BR\",\"potentialAction\":[{\"@type\":\"ReadAction\",\"target\":[\"https:\\\/\\\/reidasplanilhas.com\\\/blog\\\/entre-em-contato\\\/\"]}]},{\"@type\":\"BreadcrumbList\",\"@id\":\"https:\\\/\\\/reidasplanilhas.com\\\/blog\\\/entre-em-contato\\\/#breadcrumb\",\"itemListElement\":[{\"@type\":\"ListItem\",\"position\":1,\"name\":\"In\u00edcio\",\"item\":\"https:\\\/\\\/reidasplanilhas.com\\\/blog\\\/\"},{\"@type\":\"ListItem\",\"position\":2,\"name\":\"Entre em contato\"}]},{\"@type\":\"WebSite\",\"@id\":\"https:\\\/\\\/reidasplanilhas.com\\\/blog\\\/#website\",\"url\":\"https:\\\/\\\/reidasplanilhas.com\\\/blog\\\/\",\"name\":\"Rei das Planilhas&reg;\",\"description\":\"Planilhas profissionais e f\u00e1ceis de usar!\",\"publisher\":{\"@id\":\"https:\\\/\\\/reidasplanilhas.com\\\/blog\\\/#organization\"},\"potentialAction\":[{\"@type\":\"SearchAction\",\"target\":{\"@type\":\"EntryPoint\",\"urlTemplate\":\"https:\\\/\\\/reidasplanilhas.com\\\/blog\\\/?s={search_term_string}\"},\"query-input\":{\"@type\":\"PropertyValueSpecification\",\"valueRequired\":true,\"valueName\":\"search_term_string\"}}],\"inLanguage\":\"pt-BR\"},{\"@type\":\"Organization\",\"@id\":\"https:\\\/\\\/reidasplanilhas.com\\\/blog\\\/#organization\",\"name\":\"Rei das Planilhas\u00ae\",\"url\":\"https:\\\/\\\/reidasplanilhas.com\\\/blog\\\/\",\"logo\":{\"@type\":\"ImageObject\",\"inLanguage\":\"pt-BR\",\"@id\":\"https:\\\/\\\/reidasplanilhas.com\\\/blog\\\/#\\\/schema\\\/logo\\\/image\\\/\",\"url\":\"https:\\\/\\\/reidasplanilhas.com\\\/blog\\\/wp-content\\\/uploads\\\/2019\\\/08\\\/RDP2018-LOGO-COLOR-PT-600x160-registrada-hires.png\",\"contentUrl\":\"https:\\\/\\\/reidasplanilhas.com\\\/blog\\\/wp-content\\\/uploads\\\/2019\\\/08\\\/RDP2018-LOGO-COLOR-PT-600x160-registrada-hires.png\",\"width\":600,\"height\":160,\"caption\":\"Rei das Planilhas\u00ae\"},\"image\":{\"@id\":\"https:\\\/\\\/reidasplanilhas.com\\\/blog\\\/#\\\/schema\\\/logo\\\/image\\\/\"},\"sameAs\":[\"https:\\\/\\\/www.instagram.com\\\/reidasplanilhas\\\/\",\"https:\\\/\\\/www.youtube.com\\\/user\\\/reidasplanilhas\"]}]}<\/script>\n<!-- \/ Yoast SEO plugin. -->","yoast_head_json":{"title":"Entre em contato &#171; Rei das Planilhas\u00ae","description":"Quer tirar uma d\u00favida de preenchimento, sugerir um tema para nova planilha ou solicitar um or\u00e7amento? Encaminhe sua mensagem para nossa equipe!","robots":{"index":"index","follow":"follow","max-snippet":"max-snippet:-1","max-image-preview":"max-image-preview:large","max-video-preview":"max-video-preview:-1"},"canonical":"https:\/\/reidasplanilhas.com\/blog\/entre-em-contato\/","og_locale":"pt_BR","og_type":"article","og_title":"Entre em contato &#171; Rei das Planilhas\u00ae","og_description":"Quer tirar uma d\u00favida de preenchimento, sugerir um tema para nova planilha ou solicitar um or\u00e7amento? Encaminhe sua mensagem para nossa equipe!","og_url":"https:\/\/reidasplanilhas.com\/blog\/entre-em-contato\/","og_site_name":"Rei das Planilhas\u00ae","article_modified_time":"2020-03-15T16:57:05+00:00","og_image":[{"width":1600,"height":1600,"url":"https:\/\/reidasplanilhas.com\/blog\/wp-content\/uploads\/2022\/11\/instagram.jpg","type":"image\/jpeg"}],"twitter_card":"summary_large_image","twitter_misc":{"Est. tempo de leitura":"1 minuto"},"schema":{"@context":"https:\/\/schema.org","@graph":[{"@type":"WebPage","@id":"https:\/\/reidasplanilhas.com\/blog\/entre-em-contato\/","url":"https:\/\/reidasplanilhas.com\/blog\/entre-em-contato\/","name":"Entre em contato &#171; Rei das Planilhas\u00ae","isPartOf":{"@id":"https:\/\/reidasplanilhas.com\/blog\/#website"},"datePublished":"2019-09-05T22:16:27+00:00","dateModified":"2020-03-15T16:57:05+00:00","description":"Quer tirar uma d\u00favida de preenchimento, sugerir um tema para nova planilha ou solicitar um or\u00e7amento? Encaminhe sua mensagem para nossa equipe!","breadcrumb":{"@id":"https:\/\/reidasplanilhas.com\/blog\/entre-em-contato\/#breadcrumb"},"inLanguage":"pt-BR","potentialAction":[{"@type":"ReadAction","target":["https:\/\/reidasplanilhas.com\/blog\/entre-em-contato\/"]}]},{"@type":"BreadcrumbList","@id":"https:\/\/reidasplanilhas.com\/blog\/entre-em-contato\/#breadcrumb","itemListElement":[{"@type":"ListItem","position":1,"name":"In\u00edcio","item":"https:\/\/reidasplanilhas.com\/blog\/"},{"@type":"ListItem","position":2,"name":"Entre em contato"}]},{"@type":"WebSite","@id":"https:\/\/reidasplanilhas.com\/blog\/#website","url":"https:\/\/reidasplanilhas.com\/blog\/","name":"Rei das Planilhas&reg;","description":"Planilhas profissionais e f\u00e1ceis de usar!","publisher":{"@id":"https:\/\/reidasplanilhas.com\/blog\/#organization"},"potentialAction":[{"@type":"SearchAction","target":{"@type":"EntryPoint","urlTemplate":"https:\/\/reidasplanilhas.com\/blog\/?s={search_term_string}"},"query-input":{"@type":"PropertyValueSpecification","valueRequired":true,"valueName":"search_term_string"}}],"inLanguage":"pt-BR"},{"@type":"Organization","@id":"https:\/\/reidasplanilhas.com\/blog\/#organization","name":"Rei das Planilhas\u00ae","url":"https:\/\/reidasplanilhas.com\/blog\/","logo":{"@type":"ImageObject","inLanguage":"pt-BR","@id":"https:\/\/reidasplanilhas.com\/blog\/#\/schema\/logo\/image\/","url":"https:\/\/reidasplanilhas.com\/blog\/wp-content\/uploads\/2019\/08\/RDP2018-LOGO-COLOR-PT-600x160-registrada-hires.png","contentUrl":"https:\/\/reidasplanilhas.com\/blog\/wp-content\/uploads\/2019\/08\/RDP2018-LOGO-COLOR-PT-600x160-registrada-hires.png","width":600,"height":160,"caption":"Rei das Planilhas\u00ae"},"image":{"@id":"https:\/\/reidasplanilhas.com\/blog\/#\/schema\/logo\/image\/"},"sameAs":["https:\/\/www.instagram.com\/reidasplanilhas\/","https:\/\/www.youtube.com\/user\/reidasplanilhas"]}]}},"_links":{"self":[{"href":"https:\/\/reidasplanilhas.com\/blog\/wp-json\/wp\/v2\/pages\/435","targetHints":{"allow":["GET"]}}],"collection":[{"href":"https:\/\/reidasplanilhas.com\/blog\/wp-json\/wp\/v2\/pages"}],"about":[{"href":"https:\/\/reidasplanilhas.com\/blog\/wp-json\/wp\/v2\/types\/page"}],"author":[{"embeddable":true,"href":"https:\/\/reidasplanilhas.com\/blog\/wp-json\/wp\/v2\/users\/2"}],"replies":[{"embeddable":true,"href":"https:\/\/reidasplanilhas.com\/blog\/wp-json\/wp\/v2\/comments?post=435"}],"version-history":[{"count":21,"href":"https:\/\/reidasplanilhas.com\/blog\/wp-json\/wp\/v2\/pages\/435\/revisions"}],"predecessor-version":[{"id":2377,"href":"https:\/\/reidasplanilhas.com\/blog\/wp-json\/wp\/v2\/pages\/435\/revisions\/2377"}],"wp:attachment":[{"href":"https:\/\/reidasplanilhas.com\/blog\/wp-json\/wp\/v2\/media?parent=435"}],"curies":[{"name":"wp","href":"https:\/\/api.w.org\/{rel}","templated":true}]}}